{"id":1048,"date":"2026-04-28T16:27:13","date_gmt":"2026-04-28T16:27:13","guid":{"rendered":"https:\/\/renessans.eu\/?page_id=1048"},"modified":"2026-04-28T16:27:13","modified_gmt":"2026-04-28T16:27:13","slug":"informacje-o-firmie-impressum","status":"publish","type":"page","link":"https:\/\/renessans.eu\/en\/informacje-o-firmie-impressum\/","title":{"rendered":"Informacje o firmie (Impressum)"},"content":{"rendered":"<p>Nazwa firmy: RENESSANS Sp\u00f3\u0142ka z ograniczon\u0105 odpowiedzialno\u015bci\u0105<\/p>\n\n\n\n<p>Adres siedziby:<br>ul. Przyrzeczna 2\/3<br>45-940 Opole, Polska<\/p>\n\n\n\n<p>Adres kontaktowy:<br>Agrestowa 36a, Opole<\/p>\n\n\n\n<p>Telefon: +48 514 285 326<br>E-mail: <a href=\"mailto:renessansklinic@gmail.com\">renessansklinic@gmail.com<\/a><\/p>\n\n\n\n<p>Numer w rejestrze podmiot\u00f3w leczniczych (RPWDL): 000000290168<\/p>\n\n\n\n<p>Organ rejestrowy:<br>Wojewoda Opolski<br>ul. Piastowska 14<br>45-082 Opole<\/p>\n\n\n\n<p>Odpowiedzialno\u015b\u0107 za tre\u015bci:<br>Tre\u015bci na stronie maj\u0105 charakter informacyjny i nie stanowi\u0105 porady medycznej.<\/p>\n\n\n\n<p>Odpowiedzialno\u015b\u0107 za linki:<br>Nie ponosimy odpowiedzialno\u015bci za tre\u015bci stron zewn\u0119trznych.<\/p>","protected":false},"excerpt":{"rendered":"<p>Nazwa firmy: RENESSANS Sp\u00f3\u0142ka z ograniczon\u0105 odpowiedzialno\u015bci\u0105 Adres siedziby:ul. Przyrzeczna 2\/345-940 Opole, Polska Adres kontaktowy:Agrestowa 36a, Opole Telefon: +48 514 285 326E-mail: renessansklinic@gmail.com Numer w rejestrze podmiot\u00f3w leczniczych (RPWDL): 000000290168 Organ rejestrowy:Wojewoda Opolskiul. Piastowska 1445-082 Opole Odpowiedzialno\u015b\u0107 za tre\u015bci:Tre\u015bci na stronie maj\u0105 charakter informacyjny i nie stanowi\u0105 porady medycznej. Odpowiedzialno\u015b\u0107 za linki:Nie ponosimy odpowiedzialno\u015bci za tre\u015bci stron zewn\u0119trznych.<\/p>","protected":false},"author":1,"featured_media":0,"parent":0,"menu_order":0,"comment_status":"closed","ping_status":"closed","template":"","meta":{"footnotes":""},"class_list":["post-1048","page","type-page","status-publish","hentry"],"yoast_head":"<!-- This site is optimized with the Yoast SEO plugin v27.4 - https:\/\/yoast.com\/product\/yoast-seo-wordpress\/ -->\n<title>Informacje o firmie (Impressum) -<\/title>\n<meta name=\"robots\" content=\"index, follow, max-snippet:-1, max-image-preview:large, max-video-preview:-1\" \/>\n<link rel=\"canonical\" href=\"https:\/\/renessans.eu\/en\/informacje-o-firmie-impressum\/\" \/>\n<meta property=\"og:locale\" content=\"en_GB\" \/>\n<meta property=\"og:type\" content=\"article\" \/>\n<meta property=\"og:title\" content=\"Informacje o firmie (Impressum) -\" \/>\n<meta property=\"og:description\" content=\"Nazwa firmy: RENESSANS Sp\u00f3\u0142ka z ograniczon\u0105 odpowiedzialno\u015bci\u0105 Adres siedziby:ul. Przyrzeczna 2\/345-940 Opole, Polska Adres kontaktowy:Agrestowa 36a, Opole Telefon: +48 514 285 326E-mail: renessansklinic@gmail.com Numer w rejestrze podmiot\u00f3w leczniczych (RPWDL): 000000290168 Organ rejestrowy:Wojewoda Opolskiul. Piastowska 1445-082 Opole Odpowiedzialno\u015b\u0107 za tre\u015bci:Tre\u015bci na stronie maj\u0105 charakter informacyjny i nie stanowi\u0105 porady medycznej. Odpowiedzialno\u015b\u0107 za linki:Nie ponosimy odpowiedzialno\u015bci za tre\u015bci stron zewn\u0119trznych.\" \/>\n<meta property=\"og:url\" content=\"https:\/\/renessans.eu\/en\/informacje-o-firmie-impressum\/\" \/>\n<meta name=\"twitter:card\" content=\"summary_large_image\" \/>\n<script type=\"application\/ld+json\" class=\"yoast-schema-graph\">{\"@context\":\"https:\\\/\\\/schema.org\",\"@graph\":[{\"@type\":\"WebPage\",\"@id\":\"https:\\\/\\\/renessans.eu\\\/informacje-o-firmie-impressum\\\/\",\"url\":\"https:\\\/\\\/renessans.eu\\\/informacje-o-firmie-impressum\\\/\",\"name\":\"Informacje o firmie (Impressum) -\",\"isPartOf\":{\"@id\":\"https:\\\/\\\/renessans.eu\\\/pl\\\/#website\"},\"datePublished\":\"2026-04-28T16:27:13+00:00\",\"breadcrumb\":{\"@id\":\"https:\\\/\\\/renessans.eu\\\/informacje-o-firmie-impressum\\\/#breadcrumb\"},\"inLanguage\":\"en-GB\",\"potentialAction\":[{\"@type\":\"ReadAction\",\"target\":[\"https:\\\/\\\/renessans.eu\\\/informacje-o-firmie-impressum\\\/\"]}]},{\"@type\":\"BreadcrumbList\",\"@id\":\"https:\\\/\\\/renessans.eu\\\/informacje-o-firmie-impressum\\\/#breadcrumb\",\"itemListElement\":[{\"@type\":\"ListItem\",\"position\":1,\"name\":\"\u0413\u043b\u0430\u0432\u043d\u0430\u044f \u0441\u0442\u0440\u0430\u043d\u0438\u0446\u0430\",\"item\":\"https:\\\/\\\/renessans.eu\\\/pl\\\/\"},{\"@type\":\"ListItem\",\"position\":2,\"name\":\"Informacje o firmie (Impressum)\"}]},{\"@type\":\"WebSite\",\"@id\":\"https:\\\/\\\/renessans.eu\\\/pl\\\/#website\",\"url\":\"https:\\\/\\\/renessans.eu\\\/pl\\\/\",\"name\":\"Renessans\",\"description\":\"\",\"publisher\":{\"@id\":\"https:\\\/\\\/renessans.eu\\\/pl\\\/#organization\"},\"potentialAction\":[{\"@type\":\"SearchAction\",\"target\":{\"@type\":\"EntryPoint\",\"urlTemplate\":\"https:\\\/\\\/renessans.eu\\\/pl\\\/?s={search_term_string}\"},\"query-input\":{\"@type\":\"PropertyValueSpecification\",\"valueRequired\":true,\"valueName\":\"search_term_string\"}}],\"inLanguage\":\"en-GB\"},{\"@type\":\"Organization\",\"@id\":\"https:\\\/\\\/renessans.eu\\\/pl\\\/#organization\",\"name\":\"Renessans\",\"url\":\"https:\\\/\\\/renessans.eu\\\/pl\\\/\",\"logo\":{\"@type\":\"ImageObject\",\"inLanguage\":\"en-GB\",\"@id\":\"https:\\\/\\\/renessans.eu\\\/pl\\\/#\\\/schema\\\/logo\\\/image\\\/\",\"url\":\"https:\\\/\\\/renessans.eu\\\/wp-content\\\/uploads\\\/2025\\\/04\\\/cropped-cropped-logorenessans.png\",\"contentUrl\":\"https:\\\/\\\/renessans.eu\\\/wp-content\\\/uploads\\\/2025\\\/04\\\/cropped-cropped-logorenessans.png\",\"width\":713,\"height\":239,\"caption\":\"Renessans\"},\"image\":{\"@id\":\"https:\\\/\\\/renessans.eu\\\/pl\\\/#\\\/schema\\\/logo\\\/image\\\/\"}}]}<\/script>\n<!-- \/ Yoast SEO plugin. -->","yoast_head_json":{"title":"Informacje o firmie (Impressum) -","robots":{"index":"index","follow":"follow","max-snippet":"max-snippet:-1","max-image-preview":"max-image-preview:large","max-video-preview":"max-video-preview:-1"},"canonical":"https:\/\/renessans.eu\/en\/informacje-o-firmie-impressum\/","og_locale":"en_GB","og_type":"article","og_title":"Informacje o firmie (Impressum) -","og_description":"Nazwa firmy: RENESSANS Sp\u00f3\u0142ka z ograniczon\u0105 odpowiedzialno\u015bci\u0105 Adres siedziby:ul. Przyrzeczna 2\/345-940 Opole, Polska Adres kontaktowy:Agrestowa 36a, Opole Telefon: +48 514 285 326E-mail: renessansklinic@gmail.com Numer w rejestrze podmiot\u00f3w leczniczych (RPWDL): 000000290168 Organ rejestrowy:Wojewoda Opolskiul. Piastowska 1445-082 Opole Odpowiedzialno\u015b\u0107 za tre\u015bci:Tre\u015bci na stronie maj\u0105 charakter informacyjny i nie stanowi\u0105 porady medycznej. Odpowiedzialno\u015b\u0107 za linki:Nie ponosimy odpowiedzialno\u015bci za tre\u015bci stron zewn\u0119trznych.","og_url":"https:\/\/renessans.eu\/en\/informacje-o-firmie-impressum\/","twitter_card":"summary_large_image","schema":{"@context":"https:\/\/schema.org","@graph":[{"@type":"WebPage","@id":"https:\/\/renessans.eu\/informacje-o-firmie-impressum\/","url":"https:\/\/renessans.eu\/informacje-o-firmie-impressum\/","name":"Informacje o firmie (Impressum) -","isPartOf":{"@id":"https:\/\/renessans.eu\/pl\/#website"},"datePublished":"2026-04-28T16:27:13+00:00","breadcrumb":{"@id":"https:\/\/renessans.eu\/informacje-o-firmie-impressum\/#breadcrumb"},"inLanguage":"en-GB","potentialAction":[{"@type":"ReadAction","target":["https:\/\/renessans.eu\/informacje-o-firmie-impressum\/"]}]},{"@type":"BreadcrumbList","@id":"https:\/\/renessans.eu\/informacje-o-firmie-impressum\/#breadcrumb","itemListElement":[{"@type":"ListItem","position":1,"name":"\u0413\u043b\u0430\u0432\u043d\u0430\u044f \u0441\u0442\u0440\u0430\u043d\u0438\u0446\u0430","item":"https:\/\/renessans.eu\/pl\/"},{"@type":"ListItem","position":2,"name":"Informacje o firmie (Impressum)"}]},{"@type":"WebSite","@id":"https:\/\/renessans.eu\/pl\/#website","url":"https:\/\/renessans.eu\/pl\/","name":"Renessans","description":"","publisher":{"@id":"https:\/\/renessans.eu\/pl\/#organization"},"potentialAction":[{"@type":"SearchAction","target":{"@type":"EntryPoint","urlTemplate":"https:\/\/renessans.eu\/pl\/?s={search_term_string}"},"query-input":{"@type":"PropertyValueSpecification","valueRequired":true,"valueName":"search_term_string"}}],"inLanguage":"en-GB"},{"@type":"Organization","@id":"https:\/\/renessans.eu\/pl\/#organization","name":"Renessans","url":"https:\/\/renessans.eu\/pl\/","logo":{"@type":"ImageObject","inLanguage":"en-GB","@id":"https:\/\/renessans.eu\/pl\/#\/schema\/logo\/image\/","url":"https:\/\/renessans.eu\/wp-content\/uploads\/2025\/04\/cropped-cropped-logorenessans.png","contentUrl":"https:\/\/renessans.eu\/wp-content\/uploads\/2025\/04\/cropped-cropped-logorenessans.png","width":713,"height":239,"caption":"Renessans"},"image":{"@id":"https:\/\/renessans.eu\/pl\/#\/schema\/logo\/image\/"}}]}},"_links":{"self":[{"href":"https:\/\/renessans.eu\/en\/wp-json\/wp\/v2\/pages\/1048","targetHints":{"allow":["GET"]}}],"collection":[{"href":"https:\/\/renessans.eu\/en\/wp-json\/wp\/v2\/pages"}],"about":[{"href":"https:\/\/renessans.eu\/en\/wp-json\/wp\/v2\/types\/page"}],"author":[{"embeddable":true,"href":"https:\/\/renessans.eu\/en\/wp-json\/wp\/v2\/users\/1"}],"replies":[{"embeddable":true,"href":"https:\/\/renessans.eu\/en\/wp-json\/wp\/v2\/comments?post=1048"}],"version-history":[{"count":1,"href":"https:\/\/renessans.eu\/en\/wp-json\/wp\/v2\/pages\/1048\/revisions"}],"predecessor-version":[{"id":1049,"href":"https:\/\/renessans.eu\/en\/wp-json\/wp\/v2\/pages\/1048\/revisions\/1049"}],"wp:attachment":[{"href":"https:\/\/renessans.eu\/en\/wp-json\/wp\/v2\/media?parent=1048"}],"curies":[{"name":"wp","href":"https:\/\/api.w.org\/{rel}","templated":true}]}}