{"id":1043,"date":"2026-04-28T16:25:31","date_gmt":"2026-04-28T16:25:31","guid":{"rendered":"https:\/\/renessans.eu\/?page_id=1043"},"modified":"2026-04-28T16:25:31","modified_gmt":"2026-04-28T16:25:31","slug":"polityka-prywatnoci","status":"publish","type":"page","link":"https:\/\/renessans.eu\/de\/polityka-prywatnoci\/","title":{"rendered":"Polityka prywatno\u015bci"},"content":{"rendered":"<p>Administratorem danych osobowych jest RENESSANS Sp. z o.o., z siedzib\u0105 w Opolu.<\/p>\n\n\n\n<p>Dane kontaktowe:<br>E-mail: <a href=\"mailto:renessansklinic@gmail.com\">renessansklinic@gmail.com<\/a><br>Telefon: +48 514 285 326<\/p>\n\n\n\n<p>Przetwarzamy dane osobowe u\u017cytkownik\u00f3w (imi\u0119, numer telefonu, adres e-mail, adres IP) w celu:<\/p>\n\n\n\n<ul class=\"wp-block-list\">\n<li>udzielenia odpowiedzi na zapytania,<\/li>\n\n\n\n<li>organizacji konsultacji i leczenia,<\/li>\n\n\n\n<li>zapewnienia prawid\u0142owego dzia\u0142ania strony.<\/li>\n<\/ul>\n\n\n\n<p>Podstaw\u0105 przetwarzania danych jest zgoda u\u017cytkownika oraz uzasadniony interes administratora zgodnie z RODO.<\/p>\n\n\n\n<p>Dane mog\u0105 by\u0107 przekazywane podmiotom wsp\u00f3\u0142pracuj\u0105cym (hosting, narz\u0119dzia analityczne).<\/p>\n\n\n\n<p>Dane przechowujemy przez okres niezb\u0119dny do realizacji celu lub do momentu wycofania zgody.<\/p>\n\n\n\n<p>U\u017cytkownik ma prawo do:<\/p>\n\n\n\n<ul class=\"wp-block-list\">\n<li>dost\u0119pu do danych,<\/li>\n\n\n\n<li>ich poprawiania,<\/li>\n\n\n\n<li>usuni\u0119cia,<\/li>\n\n\n\n<li>ograniczenia przetwarzania,<\/li>\n\n\n\n<li>wniesienia sprzeciwu,<\/li>\n\n\n\n<li>z\u0142o\u017cenia skargi do organu nadzorczego (UODO).<\/li>\n<\/ul>\n\n\n\n<p>Strona korzysta z plik\u00f3w cookies w celach statystycznych i funkcjonalnych.<\/p>\n\n\n\n<p>W sprawach zwi\u0105zanych z danymi prosimy o kontakt: <a href=\"mailto:renessansklinic@gmail.com\">renessansklinic@gmail.com<\/a><\/p>","protected":false},"excerpt":{"rendered":"<p>Administratorem danych osobowych jest RENESSANS Sp. z o.o., z siedzib\u0105 w Opolu. Dane kontaktowe:E-mail: renessansklinic@gmail.comTelefon: +48 514 285 326 Przetwarzamy dane osobowe u\u017cytkownik\u00f3w (imi\u0119, numer telefonu, adres e-mail, adres IP) w celu: Podstaw\u0105 przetwarzania danych jest zgoda u\u017cytkownika oraz uzasadniony interes administratora zgodnie z RODO. Dane mog\u0105 by\u0107 przekazywane podmiotom wsp\u00f3\u0142pracuj\u0105cym (hosting, narz\u0119dzia analityczne). Dane przechowujemy przez okres niezb\u0119dny do realizacji celu lub do momentu wycofania zgody. U\u017cytkownik ma prawo do: Strona korzysta z plik\u00f3w cookies w celach statystycznych i funkcjonalnych. W sprawach zwi\u0105zanych z danymi prosimy o kontakt: renessansklinic@gmail.com<\/p>","protected":false},"author":1,"featured_media":0,"parent":0,"menu_order":0,"comment_status":"closed","ping_status":"closed","template":"","meta":{"footnotes":""},"class_list":["post-1043","page","type-page","status-publish","hentry"],"yoast_head":"<!-- This site is optimized with the Yoast SEO plugin v27.4 - https:\/\/yoast.com\/product\/yoast-seo-wordpress\/ -->\n<title>Polityka prywatno\u015bci -<\/title>\n<meta name=\"robots\" content=\"index, follow, max-snippet:-1, max-image-preview:large, max-video-preview:-1\" \/>\n<link rel=\"canonical\" href=\"https:\/\/renessans.eu\/de\/polityka-prywatnoci\/\" \/>\n<meta property=\"og:locale\" content=\"de_DE\" \/>\n<meta property=\"og:type\" content=\"article\" \/>\n<meta property=\"og:title\" content=\"Polityka prywatno\u015bci -\" \/>\n<meta property=\"og:description\" content=\"Administratorem danych osobowych jest RENESSANS Sp. z o.o., z siedzib\u0105 w Opolu. Dane kontaktowe:E-mail: renessansklinic@gmail.comTelefon: +48 514 285 326 Przetwarzamy dane osobowe u\u017cytkownik\u00f3w (imi\u0119, numer telefonu, adres e-mail, adres IP) w celu: Podstaw\u0105 przetwarzania danych jest zgoda u\u017cytkownika oraz uzasadniony interes administratora zgodnie z RODO. Dane mog\u0105 by\u0107 przekazywane podmiotom wsp\u00f3\u0142pracuj\u0105cym (hosting, narz\u0119dzia analityczne). Dane przechowujemy przez okres niezb\u0119dny do realizacji celu lub do momentu wycofania zgody. U\u017cytkownik ma prawo do: Strona korzysta z plik\u00f3w cookies w celach statystycznych i funkcjonalnych. W sprawach zwi\u0105zanych z danymi prosimy o kontakt: renessansklinic@gmail.com\" \/>\n<meta property=\"og:url\" content=\"https:\/\/renessans.eu\/de\/polityka-prywatnoci\/\" \/>\n<meta name=\"twitter:card\" content=\"summary_large_image\" \/>\n<meta name=\"twitter:label1\" content=\"Gesch\u00e4tzte Lesezeit\" \/>\n\t<meta name=\"twitter:data1\" content=\"1\u00a0Minute\" \/>\n<script type=\"application\/ld+json\" class=\"yoast-schema-graph\">{\"@context\":\"https:\\\/\\\/schema.org\",\"@graph\":[{\"@type\":\"WebPage\",\"@id\":\"https:\\\/\\\/renessans.eu\\\/polityka-prywatnoci\\\/\",\"url\":\"https:\\\/\\\/renessans.eu\\\/polityka-prywatnoci\\\/\",\"name\":\"Polityka prywatno\u015bci -\",\"isPartOf\":{\"@id\":\"https:\\\/\\\/renessans.eu\\\/pl\\\/#website\"},\"datePublished\":\"2026-04-28T16:25:31+00:00\",\"breadcrumb\":{\"@id\":\"https:\\\/\\\/renessans.eu\\\/polityka-prywatnoci\\\/#breadcrumb\"},\"inLanguage\":\"de\",\"potentialAction\":[{\"@type\":\"ReadAction\",\"target\":[\"https:\\\/\\\/renessans.eu\\\/polityka-prywatnoci\\\/\"]}]},{\"@type\":\"BreadcrumbList\",\"@id\":\"https:\\\/\\\/renessans.eu\\\/polityka-prywatnoci\\\/#breadcrumb\",\"itemListElement\":[{\"@type\":\"ListItem\",\"position\":1,\"name\":\"\u0413\u043b\u0430\u0432\u043d\u0430\u044f \u0441\u0442\u0440\u0430\u043d\u0438\u0446\u0430\",\"item\":\"https:\\\/\\\/renessans.eu\\\/pl\\\/\"},{\"@type\":\"ListItem\",\"position\":2,\"name\":\"Polityka prywatno\u015bci\"}]},{\"@type\":\"WebSite\",\"@id\":\"https:\\\/\\\/renessans.eu\\\/pl\\\/#website\",\"url\":\"https:\\\/\\\/renessans.eu\\\/pl\\\/\",\"name\":\"Renessans\",\"description\":\"\",\"publisher\":{\"@id\":\"https:\\\/\\\/renessans.eu\\\/pl\\\/#organization\"},\"potentialAction\":[{\"@type\":\"SearchAction\",\"target\":{\"@type\":\"EntryPoint\",\"urlTemplate\":\"https:\\\/\\\/renessans.eu\\\/pl\\\/?s={search_term_string}\"},\"query-input\":{\"@type\":\"PropertyValueSpecification\",\"valueRequired\":true,\"valueName\":\"search_term_string\"}}],\"inLanguage\":\"de\"},{\"@type\":\"Organization\",\"@id\":\"https:\\\/\\\/renessans.eu\\\/pl\\\/#organization\",\"name\":\"Renessans\",\"url\":\"https:\\\/\\\/renessans.eu\\\/pl\\\/\",\"logo\":{\"@type\":\"ImageObject\",\"inLanguage\":\"de\",\"@id\":\"https:\\\/\\\/renessans.eu\\\/pl\\\/#\\\/schema\\\/logo\\\/image\\\/\",\"url\":\"https:\\\/\\\/renessans.eu\\\/wp-content\\\/uploads\\\/2025\\\/04\\\/cropped-cropped-logorenessans.png\",\"contentUrl\":\"https:\\\/\\\/renessans.eu\\\/wp-content\\\/uploads\\\/2025\\\/04\\\/cropped-cropped-logorenessans.png\",\"width\":713,\"height\":239,\"caption\":\"Renessans\"},\"image\":{\"@id\":\"https:\\\/\\\/renessans.eu\\\/pl\\\/#\\\/schema\\\/logo\\\/image\\\/\"}}]}<\/script>\n<!-- \/ Yoast SEO plugin. -->","yoast_head_json":{"title":"Polityka prywatno\u015bci -","robots":{"index":"index","follow":"follow","max-snippet":"max-snippet:-1","max-image-preview":"max-image-preview:large","max-video-preview":"max-video-preview:-1"},"canonical":"https:\/\/renessans.eu\/de\/polityka-prywatnoci\/","og_locale":"de_DE","og_type":"article","og_title":"Polityka prywatno\u015bci -","og_description":"Administratorem danych osobowych jest RENESSANS Sp. z o.o., z siedzib\u0105 w Opolu. Dane kontaktowe:E-mail: renessansklinic@gmail.comTelefon: +48 514 285 326 Przetwarzamy dane osobowe u\u017cytkownik\u00f3w (imi\u0119, numer telefonu, adres e-mail, adres IP) w celu: Podstaw\u0105 przetwarzania danych jest zgoda u\u017cytkownika oraz uzasadniony interes administratora zgodnie z RODO. Dane mog\u0105 by\u0107 przekazywane podmiotom wsp\u00f3\u0142pracuj\u0105cym (hosting, narz\u0119dzia analityczne). Dane przechowujemy przez okres niezb\u0119dny do realizacji celu lub do momentu wycofania zgody. U\u017cytkownik ma prawo do: Strona korzysta z plik\u00f3w cookies w celach statystycznych i funkcjonalnych. W sprawach zwi\u0105zanych z danymi prosimy o kontakt: renessansklinic@gmail.com","og_url":"https:\/\/renessans.eu\/de\/polityka-prywatnoci\/","twitter_card":"summary_large_image","twitter_misc":{"Gesch\u00e4tzte Lesezeit":"1\u00a0Minute"},"schema":{"@context":"https:\/\/schema.org","@graph":[{"@type":"WebPage","@id":"https:\/\/renessans.eu\/polityka-prywatnoci\/","url":"https:\/\/renessans.eu\/polityka-prywatnoci\/","name":"Polityka prywatno\u015bci -","isPartOf":{"@id":"https:\/\/renessans.eu\/pl\/#website"},"datePublished":"2026-04-28T16:25:31+00:00","breadcrumb":{"@id":"https:\/\/renessans.eu\/polityka-prywatnoci\/#breadcrumb"},"inLanguage":"de","potentialAction":[{"@type":"ReadAction","target":["https:\/\/renessans.eu\/polityka-prywatnoci\/"]}]},{"@type":"BreadcrumbList","@id":"https:\/\/renessans.eu\/polityka-prywatnoci\/#breadcrumb","itemListElement":[{"@type":"ListItem","position":1,"name":"\u0413\u043b\u0430\u0432\u043d\u0430\u044f \u0441\u0442\u0440\u0430\u043d\u0438\u0446\u0430","item":"https:\/\/renessans.eu\/pl\/"},{"@type":"ListItem","position":2,"name":"Polityka prywatno\u015bci"}]},{"@type":"WebSite","@id":"https:\/\/renessans.eu\/pl\/#website","url":"https:\/\/renessans.eu\/pl\/","name":"Renessans","description":"","publisher":{"@id":"https:\/\/renessans.eu\/pl\/#organization"},"potentialAction":[{"@type":"SearchAction","target":{"@type":"EntryPoint","urlTemplate":"https:\/\/renessans.eu\/pl\/?s={search_term_string}"},"query-input":{"@type":"PropertyValueSpecification","valueRequired":true,"valueName":"search_term_string"}}],"inLanguage":"de"},{"@type":"Organization","@id":"https:\/\/renessans.eu\/pl\/#organization","name":"Renessans","url":"https:\/\/renessans.eu\/pl\/","logo":{"@type":"ImageObject","inLanguage":"de","@id":"https:\/\/renessans.eu\/pl\/#\/schema\/logo\/image\/","url":"https:\/\/renessans.eu\/wp-content\/uploads\/2025\/04\/cropped-cropped-logorenessans.png","contentUrl":"https:\/\/renessans.eu\/wp-content\/uploads\/2025\/04\/cropped-cropped-logorenessans.png","width":713,"height":239,"caption":"Renessans"},"image":{"@id":"https:\/\/renessans.eu\/pl\/#\/schema\/logo\/image\/"}}]}},"_links":{"self":[{"href":"https:\/\/renessans.eu\/de\/wp-json\/wp\/v2\/pages\/1043","targetHints":{"allow":["GET"]}}],"collection":[{"href":"https:\/\/renessans.eu\/de\/wp-json\/wp\/v2\/pages"}],"about":[{"href":"https:\/\/renessans.eu\/de\/wp-json\/wp\/v2\/types\/page"}],"author":[{"embeddable":true,"href":"https:\/\/renessans.eu\/de\/wp-json\/wp\/v2\/users\/1"}],"replies":[{"embeddable":true,"href":"https:\/\/renessans.eu\/de\/wp-json\/wp\/v2\/comments?post=1043"}],"version-history":[{"count":1,"href":"https:\/\/renessans.eu\/de\/wp-json\/wp\/v2\/pages\/1043\/revisions"}],"predecessor-version":[{"id":1044,"href":"https:\/\/renessans.eu\/de\/wp-json\/wp\/v2\/pages\/1043\/revisions\/1044"}],"wp:attachment":[{"href":"https:\/\/renessans.eu\/de\/wp-json\/wp\/v2\/media?parent=1043"}],"curies":[{"name":"wp","href":"https:\/\/api.w.org\/{rel}","templated":true}]}}